{"id":2,"date":"2019-03-01T14:45:21","date_gmt":"2019-03-01T14:45:21","guid":{"rendered":"https:\/\/themes.muffingroup.com\/be\/baker2\/?page_id=2"},"modified":"2025-01-18T12:30:47","modified_gmt":"2025-01-18T12:30:47","slug":"zoom-patiser","status":"publish","type":"page","link":"https:\/\/zoompatiserie.ro\/","title":{"rendered":"Zoom Patiser"},"content":{"rendered":"","protected":false},"excerpt":{"rendered":"","protected":false},"author":1,"featured_media":54,"parent":0,"menu_order":0,"comment_status":"closed","ping_status":"open","template":"","meta":{"footnotes":""},"class_list":["post-2","page","type-page","status-publish","has-post-thumbnail","hentry"],"yoast_head":"<!-- This site is optimized with the Yoast SEO plugin v23.7 - https:\/\/yoast.com\/wordpress\/plugins\/seo\/ -->\n<title>Zoom Patiserie - Patiserie artizanal\u0103 modern\u0103 din ora\u0219ul Baicoi<\/title>\n<meta name=\"description\" content=\"Patiseria ZOOM aduce \u00een B\u0103icoi experien\u021ba unei patiserii moderne. Descoper\u0103 produse proaspete \u0219i delicioase, preparate cu drag \u00een ora\u0219ul t\u0103u. Livrare rapid\u0103 \u00een B\u0103icoi \u0219i \u00eemprejurimi.\" \/>\n<meta name=\"robots\" content=\"noindex, follow, max-snippet:-1, max-image-preview:large, max-video-preview:-1\" \/>\n<meta property=\"og:locale\" content=\"en_US\" \/>\n<meta property=\"og:type\" content=\"article\" \/>\n<meta property=\"og:title\" content=\"Zoom Patiserie - Patiserie artizanal\u0103 modern\u0103 din ora\u0219ul Baicoi\" \/>\n<meta property=\"og:description\" content=\"Patiseria ZOOM aduce \u00een B\u0103icoi experien\u021ba unei patiserii moderne. Descoper\u0103 produse proaspete \u0219i delicioase, preparate cu drag \u00een ora\u0219ul t\u0103u. Livrare rapid\u0103 \u00een B\u0103icoi \u0219i \u00eemprejurimi.\" \/>\n<meta property=\"og:url\" content=\"https:\/\/zoompatiserie.ro\/\" \/>\n<meta property=\"og:site_name\" content=\"Zoom Patiserie - Patiserie artizanal\u0103 modern\u0103 din ora\u0219ul Baicoi\" \/>\n<meta property=\"article:modified_time\" content=\"2025-01-18T12:30:47+00:00\" \/>\n<meta property=\"og:image\" content=\"https:\/\/zoompatiserie.ro\/wp-content\/uploads\/2019\/03\/home_baker2_pic21.jpg\" \/>\n\t<meta property=\"og:image:width\" content=\"780\" \/>\n\t<meta property=\"og:image:height\" content=\"556\" \/>\n\t<meta property=\"og:image:type\" content=\"image\/jpeg\" \/>\n<meta name=\"twitter:card\" content=\"summary_large_image\" \/>\n<meta name=\"twitter:title\" content=\"Zoom Patiserie - Patiserie artizanal\u0103 modern\u0103 din ora\u0219ul Baicoi\" \/>\n<meta name=\"twitter:description\" content=\"Patiseria ZOOM aduce \u00een B\u0103icoi experien\u021ba unei patiserii moderne. Descoper\u0103 produse proaspete \u0219i delicioase, preparate cu drag \u00een ora\u0219ul t\u0103u. Livrare rapid\u0103 \u00een B\u0103icoi \u0219i \u00eemprejurimi.\" \/>\n<meta name=\"twitter:image\" content=\"https:\/\/zoompatiserie.ro\/wp-content\/uploads\/2019\/03\/home_baker2_pic21.jpg\" \/>\n<meta name=\"twitter:label1\" content=\"Est. reading time\" \/>\n\t<meta name=\"twitter:data1\" content=\"1 minute\" \/>\n<script type=\"application\/ld+json\" class=\"yoast-schema-graph\">{\"@context\":\"https:\/\/schema.org\",\"@graph\":[{\"@type\":\"WebPage\",\"@id\":\"https:\/\/zoompatiserie.ro\/\",\"url\":\"https:\/\/zoompatiserie.ro\/\",\"name\":\"Zoom Patiserie - Patiserie artizanal\u0103 modern\u0103 din ora\u0219ul Baicoi\",\"isPartOf\":{\"@id\":\"https:\/\/zoompatiserie.ro\/#website\"},\"primaryImageOfPage\":{\"@id\":\"https:\/\/zoompatiserie.ro\/#primaryimage\"},\"image\":{\"@id\":\"https:\/\/zoompatiserie.ro\/#primaryimage\"},\"thumbnailUrl\":\"https:\/\/zoompatiserie.ro\/wp-content\/uploads\/2024\/10\/white-sliced-bread-with-two-eggs-table_140725-5620.jpg\",\"datePublished\":\"2019-03-01T14:45:21+00:00\",\"dateModified\":\"2025-01-18T12:30:47+00:00\",\"description\":\"Patiseria ZOOM aduce \u00een B\u0103icoi experien\u021ba unei patiserii moderne. Descoper\u0103 produse proaspete \u0219i delicioase, preparate cu drag \u00een ora\u0219ul t\u0103u. Livrare rapid\u0103 \u00een B\u0103icoi \u0219i \u00eemprejurimi.\",\"breadcrumb\":{\"@id\":\"https:\/\/zoompatiserie.ro\/#breadcrumb\"},\"inLanguage\":\"en-US\",\"potentialAction\":[{\"@type\":\"ReadAction\",\"target\":[\"https:\/\/zoompatiserie.ro\/\"]}]},{\"@type\":\"ImageObject\",\"inLanguage\":\"en-US\",\"@id\":\"https:\/\/zoompatiserie.ro\/#primaryimage\",\"url\":\"https:\/\/zoompatiserie.ro\/wp-content\/uploads\/2024\/10\/white-sliced-bread-with-two-eggs-table_140725-5620.jpg\",\"contentUrl\":\"https:\/\/zoompatiserie.ro\/wp-content\/uploads\/2024\/10\/white-sliced-bread-with-two-eggs-table_140725-5620.jpg\",\"width\":1380,\"height\":1413,\"caption\":\"ZOOM PATISERIE\"},{\"@type\":\"BreadcrumbList\",\"@id\":\"https:\/\/zoompatiserie.ro\/#breadcrumb\",\"itemListElement\":[{\"@type\":\"ListItem\",\"position\":1,\"name\":\"Home\",\"item\":\"https:\/\/zoompatiserie.ro\/\"},{\"@type\":\"ListItem\",\"position\":2,\"name\":\"Zoom Patiser\"}]},{\"@type\":\"WebSite\",\"@id\":\"https:\/\/zoompatiserie.ro\/#website\",\"url\":\"https:\/\/zoompatiserie.ro\/\",\"name\":\"Zoom Patiserie - Patiserie artizanal\u0103 modern\u0103 din ora\u0219ul Baicoi\",\"description\":\"patiserie B\u0103icoi, cofet\u0103rie B\u0103icoi, torturi la comand\u0103 B\u0103icoi, livrare dulciuri B\u0103icoi, ZOOM patiserie, pr\u0103jituri B\u0103icoi, comenzi online patiserie\",\"potentialAction\":[{\"@type\":\"SearchAction\",\"target\":{\"@type\":\"EntryPoint\",\"urlTemplate\":\"https:\/\/zoompatiserie.ro\/?s={search_term_string}\"},\"query-input\":{\"@type\":\"PropertyValueSpecification\",\"valueRequired\":true,\"valueName\":\"search_term_string\"}}],\"inLanguage\":\"en-US\"}]}<\/script>\n<!-- \/ Yoast SEO plugin. -->","yoast_head_json":{"title":"Zoom Patiserie - Patiserie artizanal\u0103 modern\u0103 din ora\u0219ul Baicoi","description":"Patiseria ZOOM aduce \u00een B\u0103icoi experien\u021ba unei patiserii moderne. Descoper\u0103 produse proaspete \u0219i delicioase, preparate cu drag \u00een ora\u0219ul t\u0103u. Livrare rapid\u0103 \u00een B\u0103icoi \u0219i \u00eemprejurimi.","robots":{"index":"noindex","follow":"follow","max-snippet":"max-snippet:-1","max-image-preview":"max-image-preview:large","max-video-preview":"max-video-preview:-1"},"og_locale":"en_US","og_type":"article","og_title":"Zoom Patiserie - Patiserie artizanal\u0103 modern\u0103 din ora\u0219ul Baicoi","og_description":"Patiseria ZOOM aduce \u00een B\u0103icoi experien\u021ba unei patiserii moderne. Descoper\u0103 produse proaspete \u0219i delicioase, preparate cu drag \u00een ora\u0219ul t\u0103u. Livrare rapid\u0103 \u00een B\u0103icoi \u0219i \u00eemprejurimi.","og_url":"https:\/\/zoompatiserie.ro\/","og_site_name":"Zoom Patiserie - Patiserie artizanal\u0103 modern\u0103 din ora\u0219ul Baicoi","article_modified_time":"2025-01-18T12:30:47+00:00","og_image":[{"width":780,"height":556,"url":"https:\/\/zoompatiserie.ro\/wp-content\/uploads\/2019\/03\/home_baker2_pic21.jpg","type":"image\/jpeg"}],"twitter_card":"summary_large_image","twitter_title":"Zoom Patiserie - Patiserie artizanal\u0103 modern\u0103 din ora\u0219ul Baicoi","twitter_description":"Patiseria ZOOM aduce \u00een B\u0103icoi experien\u021ba unei patiserii moderne. Descoper\u0103 produse proaspete \u0219i delicioase, preparate cu drag \u00een ora\u0219ul t\u0103u. Livrare rapid\u0103 \u00een B\u0103icoi \u0219i \u00eemprejurimi.","twitter_image":"https:\/\/zoompatiserie.ro\/wp-content\/uploads\/2019\/03\/home_baker2_pic21.jpg","twitter_misc":{"Est. reading time":"1 minute"},"schema":{"@context":"https:\/\/schema.org","@graph":[{"@type":"WebPage","@id":"https:\/\/zoompatiserie.ro\/","url":"https:\/\/zoompatiserie.ro\/","name":"Zoom Patiserie - Patiserie artizanal\u0103 modern\u0103 din ora\u0219ul Baicoi","isPartOf":{"@id":"https:\/\/zoompatiserie.ro\/#website"},"primaryImageOfPage":{"@id":"https:\/\/zoompatiserie.ro\/#primaryimage"},"image":{"@id":"https:\/\/zoompatiserie.ro\/#primaryimage"},"thumbnailUrl":"https:\/\/zoompatiserie.ro\/wp-content\/uploads\/2024\/10\/white-sliced-bread-with-two-eggs-table_140725-5620.jpg","datePublished":"2019-03-01T14:45:21+00:00","dateModified":"2025-01-18T12:30:47+00:00","description":"Patiseria ZOOM aduce \u00een B\u0103icoi experien\u021ba unei patiserii moderne. Descoper\u0103 produse proaspete \u0219i delicioase, preparate cu drag \u00een ora\u0219ul t\u0103u. Livrare rapid\u0103 \u00een B\u0103icoi \u0219i \u00eemprejurimi.","breadcrumb":{"@id":"https:\/\/zoompatiserie.ro\/#breadcrumb"},"inLanguage":"en-US","potentialAction":[{"@type":"ReadAction","target":["https:\/\/zoompatiserie.ro\/"]}]},{"@type":"ImageObject","inLanguage":"en-US","@id":"https:\/\/zoompatiserie.ro\/#primaryimage","url":"https:\/\/zoompatiserie.ro\/wp-content\/uploads\/2024\/10\/white-sliced-bread-with-two-eggs-table_140725-5620.jpg","contentUrl":"https:\/\/zoompatiserie.ro\/wp-content\/uploads\/2024\/10\/white-sliced-bread-with-two-eggs-table_140725-5620.jpg","width":1380,"height":1413,"caption":"ZOOM PATISERIE"},{"@type":"BreadcrumbList","@id":"https:\/\/zoompatiserie.ro\/#breadcrumb","itemListElement":[{"@type":"ListItem","position":1,"name":"Home","item":"https:\/\/zoompatiserie.ro\/"},{"@type":"ListItem","position":2,"name":"Zoom Patiser"}]},{"@type":"WebSite","@id":"https:\/\/zoompatiserie.ro\/#website","url":"https:\/\/zoompatiserie.ro\/","name":"Zoom Patiserie - Patiserie artizanal\u0103 modern\u0103 din ora\u0219ul Baicoi","description":"patiserie B\u0103icoi, cofet\u0103rie B\u0103icoi, torturi la comand\u0103 B\u0103icoi, livrare dulciuri B\u0103icoi, ZOOM patiserie, pr\u0103jituri B\u0103icoi, comenzi online patiserie","potentialAction":[{"@type":"SearchAction","target":{"@type":"EntryPoint","urlTemplate":"https:\/\/zoompatiserie.ro\/?s={search_term_string}"},"query-input":{"@type":"PropertyValueSpecification","valueRequired":true,"valueName":"search_term_string"}}],"inLanguage":"en-US"}]}},"_links":{"self":[{"href":"https:\/\/zoompatiserie.ro\/index.php\/wp-json\/wp\/v2\/pages\/2"}],"collection":[{"href":"https:\/\/zoompatiserie.ro\/index.php\/wp-json\/wp\/v2\/pages"}],"about":[{"href":"https:\/\/zoompatiserie.ro\/index.php\/wp-json\/wp\/v2\/types\/page"}],"author":[{"embeddable":true,"href":"https:\/\/zoompatiserie.ro\/index.php\/wp-json\/wp\/v2\/users\/1"}],"replies":[{"embeddable":true,"href":"https:\/\/zoompatiserie.ro\/index.php\/wp-json\/wp\/v2\/comments?post=2"}],"version-history":[{"count":1,"href":"https:\/\/zoompatiserie.ro\/index.php\/wp-json\/wp\/v2\/pages\/2\/revisions"}],"predecessor-version":[{"id":52,"href":"https:\/\/zoompatiserie.ro\/index.php\/wp-json\/wp\/v2\/pages\/2\/revisions\/52"}],"wp:featuredmedia":[{"embeddable":true,"href":"https:\/\/zoompatiserie.ro\/index.php\/wp-json\/wp\/v2\/media\/54"}],"wp:attachment":[{"href":"https:\/\/zoompatiserie.ro\/index.php\/wp-json\/wp\/v2\/media?parent=2"}],"curies":[{"name":"wp","href":"https:\/\/api.w.org\/{rel}","templated":true}]}}